{"id":102,"date":"2017-08-10T11:11:33","date_gmt":"2017-08-10T09:11:33","guid":{"rendered":"http:\/\/www.pmiservices.fr\/pmiservicesWP\/?page_id=102"},"modified":"2026-02-16T17:32:33","modified_gmt":"2026-02-16T16:32:33","slug":"prestations","status":"publish","type":"page","link":"http:\/\/www.pmiservices.fr\/pmiservicesWP\/prestations\/","title":{"rendered":"Formation"},"content":{"rendered":"<div id=\"WRchTxt1-hb4\" class=\"txtNew\" data-reactid=\".0.$SITE_ROOT.$desktop_siteRoot.$PAGES_CONTAINER.$centeredContent.$inlineContent.$SITE_PAGES.$c194u_DESKTOP.$inlineContent.$WRchTxt1-hb4\">\n<h4 class=\"font_8\">Bonjour<\/h4>\n<h4>Nous avons la possibilit\u00e9 de donner des formations sur l&rsquo;informatique \u00e0 des niveaux diff\u00e9rents<\/h4>\n<h4>Nous disposons d&rsquo;une salle adapt\u00e9e avec wifi , \u00e9cran , tableau blanc et ordinateurs portables pour ceux qui ne viennent pas avec leurs ordinateurs portables<\/h4>\n<p><img loading=\"lazy\" decoding=\"async\" class=\"alignnone size-full wp-image-339\" src=\"http:\/\/www.pmiservices.fr\/pmiservicesWP\/wp-content\/uploads\/2026\/02\/IMG_3648-scaled-e1770988268181.jpg\" alt=\"\" width=\"2560\" height=\"1805\" srcset=\"http:\/\/www.pmiservices.fr\/pmiservicesWP\/wp-content\/uploads\/2026\/02\/IMG_3648-scaled-e1770988268181.jpg 2560w, http:\/\/www.pmiservices.fr\/pmiservicesWP\/wp-content\/uploads\/2026\/02\/IMG_3648-scaled-e1770988268181-300x212.jpg 300w, http:\/\/www.pmiservices.fr\/pmiservicesWP\/wp-content\/uploads\/2026\/02\/IMG_3648-scaled-e1770988268181-1024x722.jpg 1024w, http:\/\/www.pmiservices.fr\/pmiservicesWP\/wp-content\/uploads\/2026\/02\/IMG_3648-scaled-e1770988268181-768x542.jpg 768w, http:\/\/www.pmiservices.fr\/pmiservicesWP\/wp-content\/uploads\/2026\/02\/IMG_3648-scaled-e1770988268181-1536x1083.jpg 1536w, http:\/\/www.pmiservices.fr\/pmiservicesWP\/wp-content\/uploads\/2026\/02\/IMG_3648-scaled-e1770988268181-2048x1444.jpg 2048w, http:\/\/www.pmiservices.fr\/pmiservicesWP\/wp-content\/uploads\/2026\/02\/IMG_3648-scaled-e1770988268181-800x564.jpg 800w\" sizes=\"auto, (max-width: 2560px) 100vw, 2560px\" \/>\u00a0 \u00a0 \u00a0<\/p>\n<h4>Des th\u00e8mes seront mis en avant<\/h4>\n<h1><span style=\"color: #ff0000;\">Theme 1<\/span><\/h1>\n<h4><em><strong><span style=\"color: #000000;\">Pr\u00e9sentation Windows 11\u00a0<\/span><\/strong><\/em><\/h4>\n<h4>\u00a0 \u00a0 \u00a0 &#8211; migration\u00a0 win 10 vers Win 11<\/h4>\n<h4>\u00a0 \u00a0 \u00a0 &#8211; arr\u00eat MAJ w10 = probl\u00e8me s\u00e9curit\u00e9 + bug etc etc<\/h4>\n<h4><em><strong>Utilisation Win 11\u00a0<\/strong><\/em><\/h4>\n<h4>\u00a0 \u00a0 \u00a0 &#8211; S\u00e9curit\u00e9 + protection + protection des donn\u00e9es<\/h4>\n<h4>\u00a0 \u00a0 \u00a0 &#8211; maintenir son syst\u00e8me \u00e0 jour\u00a0<\/h4>\n<h4>\u00a0 \u00a0 \u00a0 &#8211; diff\u00e9rence des 2 OS ( Operating System )<\/h4>\n<h4>\u00a0 \u00a0 \u00a0 &#8211; raccourci clavier et fonction facile<\/h4>\n<h4><em><strong>P\u00e9riph\u00e9rique<\/strong><\/em><\/h4>\n<h4>\u00a0 \u00a0 \u00a0 &#8211; Imprimante scanner<\/h4>\n<h4>\u00a0 \u00a0 \u00a0 &#8211; wifi<\/h4>\n<h4>\u00a0 \u00a0 \u00a0 &#8211; connexion t\u00e9l\u00e9phone ou appareil photo<\/h4>\n<h4><em><strong>Synth\u00e8se<\/strong><\/em>\u00a0<\/h4>\n<h4>\u00a0 \u00a0 \u00a0 &#8211; Aper\u00e7u am\u00e9lioration fonctionnalit\u00e9s<\/h4>\n<\/div>\n<h1><span style=\"color: #ff0000;\">Theme 2<\/span><\/h1>\n<h4><em><strong>Gestion de la s\u00e9curit\u00e9<\/strong><\/em><\/h4>\n<h4>\u00a0 \u00a0 \u00a0 \u00a0&#8211; Acc\u00e8s Web\u00a0<\/h4>\n<h4>\u00a0 \u00a0 \u00a0 \u00a0&#8211; Gestion des Mots de Passe<\/h4>\n<h4>\u00a0 \u00a0 \u00a0 \u00a0&#8211; Enregistrements gestion<\/h4>\n<h4>\u00a0 \u00a0 \u00a0 \u00a0&#8211; Astuces pr\u00e9ventives<\/h4>\n<h4><em><strong>Outils de S\u00e9curit\u00e9<\/strong><\/em><\/h4>\n<h4>\u00a0 \u00a0 \u00a0 \u00a0&#8211; France identit\u00e9<\/h4>\n<h4>\u00a0 \u00a0 \u00a0 \u00a0&#8211; France Connect<\/h4>\n<h1><span style=\"color: #ff0000;\">Theme 3<\/span><\/h1>\n<h4><em><strong>Gestion et utilisation des emails<\/strong><\/em><\/h4>\n<h4>\u00a0 \u00a0 \u00a0 \u00a0&#8211; Webmail<\/h4>\n<h4>\u00a0 \u00a0 \u00a0 \u00a0&#8211; Outlook &#8211; Thunderbird\u00a0<\/h4>\n<h1><span style=\"color: #ff0000;\">Theme 4<\/span><\/h1>\n<h4>A la demande personnalis\u00e9<\/h4>\n<h4>\u00a0 \u00a0 \u00a0 \u00a0 &#8211; Montage video &#8211; adobe premi\u00e8re &#8211; daVinci Resolve Studio etc<\/h4>\n<h4>\u00a0 \u00a0 \u00a0 \u00a0 &#8211; Cr\u00e9ation page internet sous WordPress<\/h4>\n<h4>\u00a0 \u00a0 \u00a0 \u00a0 &#8211; A la demande<\/h4>\n<h1>**************************************************<\/h1>\n<div id=\"WRchTxt1-hb4\" class=\"txtNew\" data-reactid=\".0.$SITE_ROOT.$desktop_siteRoot.$PAGES_CONTAINER.$centeredContent.$inlineContent.$SITE_PAGES.$c194u_DESKTOP.$inlineContent.$WRchTxt1-hb4\">\n<h3><em><strong>Les cours ont lieu le samedi matin pour l&rsquo;instant pour une dur\u00e9e de 1 heure<\/strong><\/em><\/h3>\n<h3><em><strong>25\u20ac \/heure\u00a0<\/strong><\/em><\/h3>\n<h3><em><strong>35\u20ac \/ heure avec fourniture ordinateur portable<\/strong><\/em><\/h3>\n<h3><em><strong>75 \u20ac\/heure pour formation sp\u00e9cifique a la demande ( exemple montage video &#8211; d\u00e9marrage site internet etc etc\u00a0 )<\/strong><\/em><\/h3>\n<h3><em><strong>N&rsquo;h\u00e9sitez pas \u00e0 venir nous voir pour demander conseils et renseignements<\/strong><\/em><\/h3>\n<\/div>\n<p><a href=\"https:\/\/chat.whatsapp.com\/FlV2WtXHfW5ItLeyWRvL8a?mode=gi_t\" target=\"_blank\" rel=\"noopener\">Groupe WhatsApp pour information et questions<\/a><\/p>\n\n\n<p><\/p>\n","protected":false},"excerpt":{"rendered":"<p>Bonjour Nous avons la possibilit\u00e9 de donner des formations sur l&rsquo;informatique \u00e0 des niveaux diff\u00e9rents Nous disposons d&rsquo;une salle adapt\u00e9e avec wifi , \u00e9cran , tableau blanc et ordinateurs portables pour ceux qui ne viennent pas avec leurs ordinateurs portables \u00a0 \u00a0 \u00a0 Des th\u00e8mes seront mis en avant Theme 1 Pr\u00e9sentation Windows 11\u00a0 \u00a0 \u00a0 \u00a0 &#8211; migration\u00a0 win 10 vers Win 11 \u00a0 \u00a0 \u00a0 &#8211; arr\u00eat MAJ\u2026<\/p>\n","protected":false},"author":1,"featured_media":0,"parent":0,"menu_order":0,"comment_status":"closed","ping_status":"closed","template":"","meta":{"footnotes":""},"class_list":["post-102","page","type-page","status-publish","hentry"],"_links":{"self":[{"href":"http:\/\/www.pmiservices.fr\/pmiservicesWP\/wp-json\/wp\/v2\/pages\/102","targetHints":{"allow":["GET"]}}],"collection":[{"href":"http:\/\/www.pmiservices.fr\/pmiservicesWP\/wp-json\/wp\/v2\/pages"}],"about":[{"href":"http:\/\/www.pmiservices.fr\/pmiservicesWP\/wp-json\/wp\/v2\/types\/page"}],"author":[{"embeddable":true,"href":"http:\/\/www.pmiservices.fr\/pmiservicesWP\/wp-json\/wp\/v2\/users\/1"}],"replies":[{"embeddable":true,"href":"http:\/\/www.pmiservices.fr\/pmiservicesWP\/wp-json\/wp\/v2\/comments?post=102"}],"version-history":[{"count":0,"href":"http:\/\/www.pmiservices.fr\/pmiservicesWP\/wp-json\/wp\/v2\/pages\/102\/revisions"}],"wp:attachment":[{"href":"http:\/\/www.pmiservices.fr\/pmiservicesWP\/wp-json\/wp\/v2\/media?parent=102"}],"curies":[{"name":"wp","href":"https:\/\/api.w.org\/{rel}","templated":true}]}}