{"id":2,"date":"2017-05-09T16:58:18","date_gmt":"2017-05-09T14:58:18","guid":{"rendered":"http:\/\/www.pmiservices.fr\/pmiservicesWP\/?page_id=2"},"modified":"2017-08-10T11:56:07","modified_gmt":"2017-08-10T09:56:07","slug":"page-d-exemple","status":"publish","type":"page","link":"http:\/\/www.pmiservices.fr\/pmiservicesWP\/page-d-exemple\/","title":{"rendered":"Clients Prestations"},"content":{"rendered":"<p>Sp\u00e9cialis\u00e9 dans la maintenance des soci\u00e9t\u00e9s de refit Yachting<\/p>\n<p>Quelques exemples de nos clients<\/p>\n<p><a href=\"http:\/\/www.otherangle-yachting.com\" target=\"_blank\" rel=\"noopener noreferrer\">Otherangle-yachting \u00e0 Marseille<\/a><\/p>\n<p><a href=\"http:\/\/www.imm-yachting.com\" target=\"_blank\" rel=\"noopener noreferrer\">Imm-yachting en Guadeloupe-Pointe \u00e0 pitre<\/a><\/p>\n<p><a href=\"http:\/\/www.nautech.fr\" target=\"_blank\" rel=\"noopener noreferrer\">Nautech Group \u00e0 Marseille.Laciotat<\/a><\/p>\n<p><a href=\"http:\/\/www.ymer-yachting.com\" target=\"_blank\" rel=\"noopener noreferrer\">Ymer-yachting \u00e0 Marseille<\/a><\/p>\n<p><a href=\"http:\/\/www.tns-yachting.com\" target=\"_blank\" rel=\"noopener noreferrer\">TNS-Group \u00e0 Marseille<\/a><\/p>\n<p>Exemple de chantier sur St Nazaire<\/p>\n<div id=\"envira-gallery-wrap-116\" class=\"envira-gallery-wrap envira-gallery-theme-base envira-lightbox-theme-base\" itemscope itemtype=\"https:\/\/schema.org\/ImageGallery\"><div data-row-height=\"150\" data-gallery-theme=\"normal\" id=\"envira-gallery-116\" class=\"envira-gallery-public envira-gallery-justified-public envira-gallery-0-columns envira-clear enviratope envira-gallery-css-animations\" data-envira-columns=\"0\"><div id=\"envira-gallery-item-115\" class=\"envira-gallery-item enviratope-item envira-gallery-item-1 envira-lazy-load\" style=\"padding-left: 5px; padding-bottom: 10px; padding-right: 5px;\"  itemscope itemtype=\"https:\/\/schema.org\/ImageObject\"><div class=\"envira-gallery-item-inner\"><div class=\"envira-gallery-position-overlay  envira-gallery-top-left\"><\/div><div class=\"envira-gallery-position-overlay  envira-gallery-top-right\"><\/div><div class=\"envira-gallery-position-overlay  envira-gallery-bottom-left\"><\/div><div class=\"envira-gallery-position-overlay  envira-gallery-bottom-right\"><\/div><a href=\"http:\/\/www.pmiservices.fr\/pmiservicesWP\/wp-content\/uploads\/2017\/05\/PHOTO-YMAR-LE-4-02-08-324.jpg\" class=\"envira-gallery-116 envira-gallery-link\" rel=\"enviragallery116\" title=\"PHOTO YMAR LE 4-02-08 324\" data-envira-caption=\"PHOTO YMAR LE 4-02-08 324\" data-envira-retina=\"\" data-thumbnail=\"\"  itemprop=\"contentUrl\"><img decoding=\"async\" id=\"envira-gallery-image-115\" class=\"envira-gallery-image envira-gallery-image-1 envira-normal envira-lazy\" data-envira-index=\"1\" src=\"http:\/\/www.pmiservices.fr\/pmiservicesWP\/wp-content\/uploads\/2017\/05\/PHOTO-YMAR-LE-4-02-08-324-800x1067-640x480.jpg\" data-envira-src=\"http:\/\/www.pmiservices.fr\/pmiservicesWP\/wp-content\/uploads\/2017\/05\/PHOTO-YMAR-LE-4-02-08-324-800x1067-640x480.jpg\" data-envira-gallery-id=\"116\" data-envira-item-id=\"115\" data-envira-caption=\"PHOTO YMAR LE 4-02-08 324\" alt=\"\" title=\"PHOTO YMAR LE 4-02-08 324\"  itemprop=\"thumbnailUrl\" data-envira-srcset=\"http:\/\/www.pmiservices.fr\/pmiservicesWP\/wp-content\/uploads\/2017\/05\/PHOTO-YMAR-LE-4-02-08-324-800x1067-640x480.jpg 400w,http:\/\/www.pmiservices.fr\/pmiservicesWP\/wp-content\/uploads\/2017\/05\/PHOTO-YMAR-LE-4-02-08-324-800x1067-640x480.jpg 2x\" data-envira-width=\"225\" data-envira-height=\"300\" srcset=\"data:image\/gif;base64,R0lGODlhAQABAIAAAP\/\/\/\/\/\/\/yH5BAEKAAEALAAAAAABAAEAAAICTAEAOw==\" data-safe-src=\"data:image\/gif;base64,R0lGODlhAQABAIAAAP\/\/\/\/\/\/\/yH5BAEKAAEALAAAAAABAAEAAAICTAEAOw==\" \/><\/a><\/div><\/div><div id=\"envira-gallery-item-114\" class=\"envira-gallery-item enviratope-item envira-gallery-item-2 envira-lazy-load\" style=\"padding-left: 5px; padding-bottom: 10px; padding-right: 5px;\"  itemscope itemtype=\"https:\/\/schema.org\/ImageObject\"><div class=\"envira-gallery-item-inner\"><div class=\"envira-gallery-position-overlay  envira-gallery-top-left\"><\/div><div class=\"envira-gallery-position-overlay  envira-gallery-top-right\"><\/div><div class=\"envira-gallery-position-overlay  envira-gallery-bottom-left\"><\/div><div class=\"envira-gallery-position-overlay  envira-gallery-bottom-right\"><\/div><a href=\"http:\/\/www.pmiservices.fr\/pmiservicesWP\/wp-content\/uploads\/2017\/05\/OCTOPUS-INTERIOR-06-02-2008-008.jpg\" class=\"envira-gallery-116 envira-gallery-link\" rel=\"enviragallery116\" title=\"OCTOPUS INTERIOR 06-02-2008 008\" data-envira-caption=\"OCTOPUS INTERIOR 06-02-2008 008\" data-envira-retina=\"\" data-thumbnail=\"\"  itemprop=\"contentUrl\"><img decoding=\"async\" id=\"envira-gallery-image-114\" class=\"envira-gallery-image envira-gallery-image-2 envira-normal envira-lazy\" data-envira-index=\"2\" src=\"http:\/\/www.pmiservices.fr\/pmiservicesWP\/wp-content\/uploads\/2017\/05\/OCTOPUS-INTERIOR-06-02-2008-008-800x532-640x480.jpg\" data-envira-src=\"http:\/\/www.pmiservices.fr\/pmiservicesWP\/wp-content\/uploads\/2017\/05\/OCTOPUS-INTERIOR-06-02-2008-008-800x532-640x480.jpg\" data-envira-gallery-id=\"116\" data-envira-item-id=\"114\" data-envira-caption=\"OCTOPUS INTERIOR 06-02-2008 008\" alt=\"\" title=\"OCTOPUS INTERIOR 06-02-2008 008\"  itemprop=\"thumbnailUrl\" data-envira-srcset=\"http:\/\/www.pmiservices.fr\/pmiservicesWP\/wp-content\/uploads\/2017\/05\/OCTOPUS-INTERIOR-06-02-2008-008-800x532-640x480.jpg 400w,http:\/\/www.pmiservices.fr\/pmiservicesWP\/wp-content\/uploads\/2017\/05\/OCTOPUS-INTERIOR-06-02-2008-008-800x532-640x480.jpg 2x\" data-envira-width=\"300\" data-envira-height=\"199\" srcset=\"data:image\/gif;base64,R0lGODlhAQABAIAAAP\/\/\/\/\/\/\/yH5BAEKAAEALAAAAAABAAEAAAICTAEAOw==\" data-safe-src=\"data:image\/gif;base64,R0lGODlhAQABAIAAAP\/\/\/\/\/\/\/yH5BAEKAAEALAAAAAABAAEAAAICTAEAOw==\" \/><\/a><\/div><\/div><div id=\"envira-gallery-item-113\" class=\"envira-gallery-item enviratope-item envira-gallery-item-3 envira-lazy-load\" style=\"padding-left: 5px; padding-bottom: 10px; padding-right: 5px;\"  itemscope itemtype=\"https:\/\/schema.org\/ImageObject\"><div class=\"envira-gallery-item-inner\"><div class=\"envira-gallery-position-overlay  envira-gallery-top-left\"><\/div><div class=\"envira-gallery-position-overlay  envira-gallery-top-right\"><\/div><div class=\"envira-gallery-position-overlay  envira-gallery-bottom-left\"><\/div><div class=\"envira-gallery-position-overlay  envira-gallery-bottom-right\"><\/div><a href=\"http:\/\/www.pmiservices.fr\/pmiservicesWP\/wp-content\/uploads\/2017\/05\/OCTOPUS-INTERIOR-06-02-2008-005.jpg\" class=\"envira-gallery-116 envira-gallery-link\" rel=\"enviragallery116\" title=\"OCTOPUS INTERIOR 06-02-2008 005\" data-envira-caption=\"OCTOPUS INTERIOR 06-02-2008 005\" data-envira-retina=\"\" data-thumbnail=\"\"  itemprop=\"contentUrl\"><img decoding=\"async\" id=\"envira-gallery-image-113\" class=\"envira-gallery-image envira-gallery-image-3 envira-normal envira-lazy\" data-envira-index=\"3\" src=\"http:\/\/www.pmiservices.fr\/pmiservicesWP\/wp-content\/uploads\/2017\/05\/OCTOPUS-INTERIOR-06-02-2008-005-800x532-640x480.jpg\" data-envira-src=\"http:\/\/www.pmiservices.fr\/pmiservicesWP\/wp-content\/uploads\/2017\/05\/OCTOPUS-INTERIOR-06-02-2008-005-800x532-640x480.jpg\" data-envira-gallery-id=\"116\" data-envira-item-id=\"113\" data-envira-caption=\"OCTOPUS INTERIOR 06-02-2008 005\" alt=\"\" title=\"OCTOPUS INTERIOR 06-02-2008 005\"  itemprop=\"thumbnailUrl\" data-envira-srcset=\"http:\/\/www.pmiservices.fr\/pmiservicesWP\/wp-content\/uploads\/2017\/05\/OCTOPUS-INTERIOR-06-02-2008-005-800x532-640x480.jpg 400w,http:\/\/www.pmiservices.fr\/pmiservicesWP\/wp-content\/uploads\/2017\/05\/OCTOPUS-INTERIOR-06-02-2008-005-800x532-640x480.jpg 2x\" data-envira-width=\"300\" data-envira-height=\"199\" srcset=\"data:image\/gif;base64,R0lGODlhAQABAIAAAP\/\/\/\/\/\/\/yH5BAEKAAEALAAAAAABAAEAAAICTAEAOw==\" data-safe-src=\"data:image\/gif;base64,R0lGODlhAQABAIAAAP\/\/\/\/\/\/\/yH5BAEKAAEALAAAAAABAAEAAAICTAEAOw==\" \/><\/a><\/div><\/div><div id=\"envira-gallery-item-112\" class=\"envira-gallery-item enviratope-item envira-gallery-item-4 envira-lazy-load\" style=\"padding-left: 5px; padding-bottom: 10px; padding-right: 5px;\"  itemscope itemtype=\"https:\/\/schema.org\/ImageObject\"><div class=\"envira-gallery-item-inner\"><div class=\"envira-gallery-position-overlay  envira-gallery-top-left\"><\/div><div class=\"envira-gallery-position-overlay  envira-gallery-top-right\"><\/div><div class=\"envira-gallery-position-overlay  envira-gallery-bottom-left\"><\/div><div class=\"envira-gallery-position-overlay  envira-gallery-bottom-right\"><\/div><a href=\"http:\/\/www.pmiservices.fr\/pmiservicesWP\/wp-content\/uploads\/2017\/05\/DSC00601.jpg\" class=\"envira-gallery-116 envira-gallery-link\" rel=\"enviragallery116\" title=\"DSC00601\" data-envira-caption=\"DSC00601\" data-envira-retina=\"\" data-thumbnail=\"\"  itemprop=\"contentUrl\"><img decoding=\"async\" id=\"envira-gallery-image-112\" class=\"envira-gallery-image envira-gallery-image-4 envira-normal envira-lazy\" data-envira-index=\"4\" src=\"http:\/\/www.pmiservices.fr\/pmiservicesWP\/wp-content\/uploads\/2017\/05\/DSC00601-800x532-640x480.jpg\" data-envira-src=\"http:\/\/www.pmiservices.fr\/pmiservicesWP\/wp-content\/uploads\/2017\/05\/DSC00601-800x532-640x480.jpg\" data-envira-gallery-id=\"116\" data-envira-item-id=\"112\" data-envira-caption=\"DSC00601\" alt=\"\" title=\"DSC00601\"  itemprop=\"thumbnailUrl\" data-envira-srcset=\"http:\/\/www.pmiservices.fr\/pmiservicesWP\/wp-content\/uploads\/2017\/05\/DSC00601-800x532-640x480.jpg 400w,http:\/\/www.pmiservices.fr\/pmiservicesWP\/wp-content\/uploads\/2017\/05\/DSC00601-800x532-640x480.jpg 2x\" data-envira-width=\"300\" data-envira-height=\"199\" srcset=\"data:image\/gif;base64,R0lGODlhAQABAIAAAP\/\/\/\/\/\/\/yH5BAEKAAEALAAAAAABAAEAAAICTAEAOw==\" data-safe-src=\"data:image\/gif;base64,R0lGODlhAQABAIAAAP\/\/\/\/\/\/\/yH5BAEKAAEALAAAAAABAAEAAAICTAEAOw==\" \/><\/a><\/div><\/div><\/div><\/div><noscript><img decoding=\"async\" src=\"http:\/\/www.pmiservices.fr\/pmiservicesWP\/wp-content\/uploads\/2017\/05\/PHOTO-YMAR-LE-4-02-08-324.jpg\" alt=\"\" \/><img decoding=\"async\" src=\"http:\/\/www.pmiservices.fr\/pmiservicesWP\/wp-content\/uploads\/2017\/05\/OCTOPUS-INTERIOR-06-02-2008-008.jpg\" alt=\"\" \/><img decoding=\"async\" src=\"http:\/\/www.pmiservices.fr\/pmiservicesWP\/wp-content\/uploads\/2017\/05\/OCTOPUS-INTERIOR-06-02-2008-005.jpg\" alt=\"\" \/><img decoding=\"async\" src=\"http:\/\/www.pmiservices.fr\/pmiservicesWP\/wp-content\/uploads\/2017\/05\/DSC00601.jpg\" alt=\"\" \/><\/noscript>\n<p>&nbsp;<\/p>\n","protected":false},"excerpt":{"rendered":"<p>Sp\u00e9cialis\u00e9 dans la maintenance des soci\u00e9t\u00e9s de refit Yachting Quelques exemples de nos clients Otherangle-yachting \u00e0 Marseille Imm-yachting en Guadeloupe-Pointe \u00e0 pitre Nautech Group \u00e0 Marseille.Laciotat Ymer-yachting \u00e0 Marseille TNS-Group \u00e0 Marseille Exemple de chantier sur St Nazaire &nbsp;<\/p>\n","protected":false},"author":1,"featured_media":0,"parent":0,"menu_order":0,"comment_status":"closed","ping_status":"open","template":"","meta":{"footnotes":""},"class_list":["post-2","page","type-page","status-publish","hentry"],"_links":{"self":[{"href":"http:\/\/www.pmiservices.fr\/pmiservicesWP\/wp-json\/wp\/v2\/pages\/2","targetHints":{"allow":["GET"]}}],"collection":[{"href":"http:\/\/www.pmiservices.fr\/pmiservicesWP\/wp-json\/wp\/v2\/pages"}],"about":[{"href":"http:\/\/www.pmiservices.fr\/pmiservicesWP\/wp-json\/wp\/v2\/types\/page"}],"author":[{"embeddable":true,"href":"http:\/\/www.pmiservices.fr\/pmiservicesWP\/wp-json\/wp\/v2\/users\/1"}],"replies":[{"embeddable":true,"href":"http:\/\/www.pmiservices.fr\/pmiservicesWP\/wp-json\/wp\/v2\/comments?post=2"}],"version-history":[{"count":0,"href":"http:\/\/www.pmiservices.fr\/pmiservicesWP\/wp-json\/wp\/v2\/pages\/2\/revisions"}],"wp:attachment":[{"href":"http:\/\/www.pmiservices.fr\/pmiservicesWP\/wp-json\/wp\/v2\/media?parent=2"}],"curies":[{"name":"wp","href":"https:\/\/api.w.org\/{rel}","templated":true}]}}